{"id":14,"date":"2024-03-05T08:22:14","date_gmt":"2024-03-05T08:22:14","guid":{"rendered":"https:\/\/wp.ditsolution.net\/cleeny\/?page_id=14"},"modified":"2025-05-31T19:19:58","modified_gmt":"2025-05-31T16:19:58","slug":"about-us","status":"publish","type":"page","link":"https:\/\/zaferelektromekanik.com.tr\/en\/about-us\/","title":{"rendered":"About Us"},"content":{"rendered":"<div data-elementor-type=\"wp-page\" data-elementor-id=\"14\" class=\"elementor elementor-14\">\n\t\t\t\t\t\t<section class=\"elementor-section elementor-top-section elementor-element elementor-element-7e58a59 elementor-section-boxed elementor-section-height-default elementor-section-height-default\" data-id=\"7e58a59\" data-element_type=\"section\" data-settings=\"{&quot;background_background&quot;:&quot;classic&quot;}\">\n\t\t\t\t\t\t<div class=\"elementor-container elementor-column-gap-default\">\n\t\t\t\t\t<div class=\"elementor-column elementor-col-100 elementor-top-column elementor-element elementor-element-3ea2201\" data-id=\"3ea2201\" data-element_type=\"column\">\n\t\t\t<div class=\"elementor-widget-wrap elementor-element-populated\">\n\t\t\t\t\t\t<div class=\"elementor-element elementor-element-e923d8b elementor-widget elementor-widget-text-editor\" data-id=\"e923d8b\" data-element_type=\"widget\" data-widget_type=\"text-editor.default\">\n\t\t\t\t<div class=\"elementor-widget-container\">\n\t\t\t\t\t\t\t\t\t<div class=\"elementor-column elementor-col-33 elementor-top-column elementor-element elementor-element-b144255\" data-id=\"b144255\" data-element_type=\"column\"><div class=\"elementor-widget-wrap elementor-element-populated\"><div class=\"elementor-element elementor-element-de88804 align-center hover-effect-style-2 icon-position-top icon-has-bg elementor-widget elementor-widget-mae-icon-box animated fadeInUp\" data-id=\"de88804\" data-element_type=\"widget\" data-settings=\"{&quot;_animation&quot;:&quot;fadeInUp&quot;,&quot;_animation_delay&quot;:300}\" data-widget_type=\"mae-icon-box.default\"><div class=\"elementor-widget-container\"><div class=\"master-icon-box\"><div class=\"text-wrap\"><h3 class=\"headline-2\">PRODUCTION<\/h3><div class=\"sep\">\u00a0<\/div><div class=\"desc\">Our company's basic activities are production, design and project work. And it produces solutions for you in the fastest way.<\/div><\/div><\/div><\/div><\/div><\/div><\/div><div class=\"elementor-column elementor-col-33 elementor-top-column elementor-element elementor-element-42153b6\" data-id=\"42153b6\" data-element_type=\"column\"><div class=\"elementor-widget-wrap elementor-element-populated\"><div class=\"elementor-element elementor-element-d34152f align-center hover-effect-style-2 icon-position-top icon-has-bg elementor-widget elementor-widget-mae-icon-box animated fadeInUp\" data-id=\"d34152f\" data-element_type=\"widget\" data-settings=\"{&quot;_animation&quot;:&quot;fadeInUp&quot;,&quot;_animation_delay&quot;:300}\" data-widget_type=\"mae-icon-box.default\"><div class=\"elementor-widget-container\"><div class=\"master-icon-box\"><div class=\"icon-wrap\"><div class=\"master-icon\">\u00a0<\/div><\/div><div class=\"text-wrap\"><h3 class=\"headline-2\">DESIGN<\/h3><div class=\"sep\">\u00a0<\/div><div class=\"desc\">Our company offers all the services needed for Electro-Mechanical Systems with the most suitable solutions.<\/div><\/div><\/div><\/div><\/div><\/div><\/div><div class=\"elementor-column elementor-col-33 elementor-top-column elementor-element elementor-element-bbc3089\" data-id=\"bbc3089\" data-element_type=\"column\"><div class=\"elementor-widget-wrap elementor-element-populated\"><div class=\"elementor-element elementor-element-c78e8cd align-center hover-effect-style-2 icon-position-top icon-has-bg elementor-widget elementor-widget-mae-icon-box animated fadeInUp\" data-id=\"c78e8cd\" data-element_type=\"widget\" data-settings=\"{&quot;_animation&quot;:&quot;fadeInUp&quot;,&quot;_animation_delay&quot;:300}\" data-widget_type=\"mae-icon-box.default\"><div class=\"elementor-widget-container\"><div class=\"master-icon-box\"><div class=\"icon-wrap\"><div class=\"master-icon\">\u00a0<\/div><\/div><div class=\"text-wrap\"><h3 class=\"headline-2\">ACTIVITY<\/h3><div class=\"sep\">\u00a0<\/div><div class=\"desc\">Our company meets the demands and expectations of our customers at the highest quality level in our products and services.<\/div><\/div><\/div><\/div><\/div><\/div><\/div>\t\t\t\t\t\t\t\t<\/div>\n\t\t\t\t<\/div>\n\t\t\t\t\t<\/div>\n\t\t<\/div>\n\t\t\t\t\t<\/div>\n\t\t<\/section>\n\t\t<div class=\"elementor-element elementor-element-25d6a67 e-flex e-con-boxed e-con e-parent\" data-id=\"25d6a67\" data-element_type=\"container\">\n\t\t\t\t\t<div class=\"e-con-inner\">\n\t\t\t\t<div class=\"elementor-element elementor-element-d47039e elementor-widget elementor-widget-text-editor\" data-id=\"d47039e\" data-element_type=\"widget\" data-widget_type=\"text-editor.default\">\n\t\t\t\t<div class=\"elementor-widget-container\">\n\t\t\t\t\t\t\t\t\t<h3><strong>Your Reliable Partner in Electro-Mechanical Services<\/strong><\/h3><p>Welcome! With years of experience and our expert staff in electromechanical services, we offer you high-quality, fast and reliable solutions. Our company is a pioneer in the sector with its wide range of services and customer-oriented approach.<\/p><h4>Our Services<\/h4><ul><li><strong>Mechanical Systems:<\/strong> We are at your service with our expert team in the installation, maintenance and repair of heating, cooling, ventilation (HVAC) and plumbing systems.<\/li><li><strong>Automation and Control Systems:<\/strong> We install and maintain automation and control systems to increase the efficiency of your business.<\/li><li><strong>Energy Management:<\/strong> We help reduce your energy costs by offering energy efficiency and sustainable solutions.<\/li><li><strong>Electro-Magnetic Carrier (Vibration):<\/strong> Designed for product handling and process automation, our electromagnetic carriers provide high efficiency and reliability. These systems offer precise handling and vibration control in your production lines.<\/li><li><strong>Experienced Staff:<\/strong> Our trained and certified experts are ready to solve any electromechanical questions you may have.<\/li><li><strong>Quality Guarantee:<\/strong> The materials we use and the services we offer meet the highest quality standards.<\/li><li><strong>Customer Satisfaction:<\/strong> We do our job by keeping customer satisfaction at the highest level. Each project is planned and implemented specifically for you.<\/li><li><strong>Fast and Effective Solutions:<\/strong> We intervene quickly in your emergencies and produce solutions as soon as possible.<\/li><\/ul>\t\t\t\t\t\t\t\t<\/div>\n\t\t\t\t<\/div>\n\t\t\t\t\t<\/div>\n\t\t\t\t<\/div>\n\t\t<div class=\"elementor-element elementor-element-8a161fa e-flex e-con-boxed e-con e-parent\" data-id=\"8a161fa\" data-element_type=\"container\">\n\t\t\t\t\t<div class=\"e-con-inner\">\n\t\t\t\t<div class=\"elementor-element elementor-element-6cd0056 elementor-widget elementor-widget-spacer\" data-id=\"6cd0056\" data-element_type=\"widget\" data-widget_type=\"spacer.default\">\n\t\t\t\t<div class=\"elementor-widget-container\">\n\t\t\t\t\t\t\t<div class=\"elementor-spacer\">\n\t\t\t<div class=\"elementor-spacer-inner\"><\/div>\n\t\t<\/div>\n\t\t\t\t\t\t<\/div>\n\t\t\t\t<\/div>\n\t\t\t\t\t<\/div>\n\t\t\t\t<\/div>\n\t\t\t\t<\/div>","protected":false},"excerpt":{"rendered":"<p>\u00dcRET\u0130M \u00a0Firmam\u0131z; temel faaliyetleri; \u00fcretim, tasar\u0131m ve proje \u00e7al\u0131\u015fmalar\u0131d\u0131r. Ve sizlere en h\u0131zl\u0131 \u015fekilde \u00e7\u00f6z\u00fcmler \u00fcretmektedir.\u00a0 TASARIM \u00a0Firmam\u0131z; elektro-Mekanik Sistemler i\u00e7in ihtiya\u00e7 duyulan t\u00fcm hizmetleri en uygun \u00e7\u00f6z\u00fcmlerle sunmaktad\u0131r.\u00a0 FAAL\u0130YET \u00a0Firmam\u0131z; \u00fcr\u00fcn ve Hizmetlerimizde m\u00fc\u015fterilerimizin, talep ve beklentilerini en \u00fcst kalite seviyesinde kar\u015f\u0131lamaktad\u0131r. Elektro-Mekanik Hizmetlerde G\u00fcvenilir Orta\u011f\u0131n\u0131z Ho\u015f geldiniz! Elektromekanik hizmetlerde y\u0131llar\u0131n deneyimi ve uzman [&hellip;]<\/p>","protected":false},"author":1,"featured_media":0,"parent":0,"menu_order":0,"comment_status":"closed","ping_status":"closed","template":"page-templates\/template-default.php","meta":{"footnotes":""},"class_list":["post-14","page","type-page","status-publish","hentry"],"_links":{"self":[{"href":"https:\/\/zaferelektromekanik.com.tr\/en\/wp-json\/wp\/v2\/pages\/14","targetHints":{"allow":["GET"]}}],"collection":[{"href":"https:\/\/zaferelektromekanik.com.tr\/en\/wp-json\/wp\/v2\/pages"}],"about":[{"href":"https:\/\/zaferelektromekanik.com.tr\/en\/wp-json\/wp\/v2\/types\/page"}],"author":[{"embeddable":true,"href":"https:\/\/zaferelektromekanik.com.tr\/en\/wp-json\/wp\/v2\/users\/1"}],"replies":[{"embeddable":true,"href":"https:\/\/zaferelektromekanik.com.tr\/en\/wp-json\/wp\/v2\/comments?post=14"}],"version-history":[{"count":14,"href":"https:\/\/zaferelektromekanik.com.tr\/en\/wp-json\/wp\/v2\/pages\/14\/revisions"}],"predecessor-version":[{"id":44212,"href":"https:\/\/zaferelektromekanik.com.tr\/en\/wp-json\/wp\/v2\/pages\/14\/revisions\/44212"}],"wp:attachment":[{"href":"https:\/\/zaferelektromekanik.com.tr\/en\/wp-json\/wp\/v2\/media?parent=14"}],"curies":[{"name":"wp","href":"https:\/\/api.w.org\/{rel}","templated":true}]}}