{"id":16,"date":"2024-03-05T08:22:46","date_gmt":"2024-03-05T08:22:46","guid":{"rendered":"https:\/\/wp.ditsolution.net\/cleeny\/?page_id=16"},"modified":"2025-05-19T13:38:29","modified_gmt":"2025-05-19T10:38:29","slug":"service","status":"publish","type":"page","link":"https:\/\/zaferelektromekanik.com.tr\/en\/service\/","title":{"rendered":"Products"},"content":{"rendered":"<div data-elementor-type=\"wp-page\" data-elementor-id=\"16\" class=\"elementor elementor-16\">\n\t\t\t\t\t\t<section class=\"elementor-section elementor-top-section elementor-element elementor-element-e1c526d elementor-section-boxed elementor-section-height-default elementor-section-height-default\" data-id=\"e1c526d\" data-element_type=\"section\" data-settings=\"{&quot;background_background&quot;:&quot;classic&quot;}\">\n\t\t\t\t\t\t<div class=\"elementor-container elementor-column-gap-default\">\n\t\t\t\t\t<div class=\"elementor-column elementor-col-100 elementor-top-column elementor-element elementor-element-d409cdb\" data-id=\"d409cdb\" data-element_type=\"column\">\n\t\t\t<div class=\"elementor-widget-wrap elementor-element-populated\">\n\t\t\t\t\t\t<div class=\"elementor-element elementor-element-ecb9ed7 elementor-widget elementor-widget-heading\" data-id=\"ecb9ed7\" data-element_type=\"widget\" data-widget_type=\"heading.default\">\n\t\t\t\t<div class=\"elementor-widget-container\">\n\t\t\t\t\t<h2 class=\"elementor-heading-title elementor-size-default\">Produckts<\/h2>\t\t\t\t<\/div>\n\t\t\t\t<\/div>\n\t\t\t\t\t<\/div>\n\t\t<\/div>\n\t\t\t\t\t<\/div>\n\t\t<\/section>\n\t\t<div class=\"elementor-element elementor-element-0d681f9 e-flex e-con-boxed e-con e-parent\" data-id=\"0d681f9\" data-element_type=\"container\">\n\t\t\t\t\t<div class=\"e-con-inner\">\n\t\t\t\t<div class=\"elementor-element elementor-element-a39a5d0 elementor-widget elementor-widget-text-editor\" data-id=\"a39a5d0\" data-element_type=\"widget\" data-widget_type=\"text-editor.default\">\n\t\t\t\t<div class=\"elementor-widget-container\">\n\t\t\t\t\t\t\t\t\t<div class=\"elementor-element elementor-element-2fe32bf align-left elementor-widget elementor-widget-mae-headings\" data-id=\"2fe32bf\" data-element_type=\"widget\" data-widget_type=\"mae-headings.default\"><div class=\"elementor-widget-container\"><div class=\"master-heading\"><div class=\"elementor-element elementor-element-8b9aebb align-left elementor-widget elementor-widget-mae-headings\" data-id=\"8b9aebb\" data-element_type=\"widget\" data-widget_type=\"mae-headings.default\"><div class=\"elementor-widget-container\"><div class=\"master-heading\"><h2 class=\"main-heading\">Elektro-Manyetik Ta\u015f\u0131y\u0131c\u0131 (Vibrasyon)<\/h2><\/div><\/div><\/div><div class=\"elementor-element elementor-element-fdd04a9 elementor-widget elementor-widget-spacer\" data-id=\"fdd04a9\" data-element_type=\"widget\" data-widget_type=\"spacer.default\"><div class=\"elementor-widget-container\"><div class=\"elementor-spacer\"><div class=\"elementor-spacer-inner\">\u00a0<\/div><\/div><\/div><\/div><div class=\"elementor-element elementor-element-b3e8486 elementor-widget elementor-widget-text-editor\" data-id=\"b3e8486\" data-element_type=\"widget\" data-widget_type=\"text-editor.default\"><div class=\"elementor-widget-container\"><p>Y\u00fcksek Kaliteli End\u00fcstriyel Elektomanyetik Vibrasyon Sistemleri<\/p><h4>\u00a0KULLANIM ALANLARI:<\/h4><ul><li>Kuruyemi\u015f Makineleri<\/li><li>\u015eeker Bisk\u00fcvi Makineleri<\/li><li>Tohum Bakliyat Makineleri<\/li><li>Ambalaj Makineleri<\/li><li>Dozajlama ve Elemelerde<\/li><\/ul><h4>TEKN\u0130K \u00d6ZEL\u0130KLER\u0130:<\/h4><ul><li>Komple krom izole edilmi\u015f bobin<\/li><li>Sfero d\u00f6k\u00fcm g\u00f6vde<\/li><li>Komple paslanmaz \u00e7elik \u00fcst taban ve ba\u011flant\u0131 elemanlar\u0131<\/li><li>50 Hz \u2013 100 Hz \u00c7al\u0131\u015fma se\u00e7ene\u011fi (kart \u00fczerindeki jumper ile)<\/li><li>0 \u2013 10 Volt ile H\u0131z Kontrol<\/li><li>Uzun \u00f6m\u00fcrl\u00fc epoxy \u2013 fiber yay<\/li><\/ul><\/div><\/div><h2>\u00a0<\/h2><h2 class=\"main-heading\">Asmal\u0131 Vibrasyon<\/h2><\/div><\/div><\/div><div class=\"elementor-element elementor-element-c6070b4 elementor-widget elementor-widget-text-editor\" data-id=\"c6070b4\" data-element_type=\"widget\" data-widget_type=\"text-editor.default\"><div class=\"elementor-widget-container\"><p>Kendi tasar\u0131m\u0131m\u0131z olan bu Vibrat\u00f6r uzun ta\u015f\u0131ma kanallar\u0131 k\u00fc\u00e7\u00fck eleme makineleri tank silkeleme ve vibrasyon masalar\u0131nda serme ve s\u0131k\u0131\u015ft\u0131rma i\u015fleri i\u00e7in uygun bir \u00fcr\u00fcnd\u00fcr.<\/p><h4>TEKN\u0130K \u00d6ZEL\u0130KLER\u0130:<\/h4><ul><li>220 volt<\/li><li>50 hz<\/li><li>140 watt<\/li><li>Strok \u2013 1,8mm<\/li><\/ul><p>\u00a0<\/p><p>\ud83d\udd27 Zafer Elektromekanik \u2013 FEM-0025 Elektromanyetik Vibrat\u00f6r<\/p><p><br \/>\u2699\ufe0f TEKN\u0130K \u00d6ZELL\u0130KLER:<br \/>Model: FEM-0025<\/p><p>\u00a0<\/p><p>Tip: Elektromanyetik<\/p><p>G\u00fc\u00e7: 500 Watt<\/p><p>Ak\u0131m: 2 Amper<\/p><p>Gerilim: 220V AC<\/p><p>Frekans: 50\/60 Hz<\/p><p>\u00c7al\u0131\u015fma prensibi: Alternatif ak\u0131m ile \u00e7al\u0131\u015fan elektrom\u0131knat\u0131s, yay\u0131 gererek titre\u015fim \u00fcretir.<\/p><p>Montaj: Flan\u015f ba\u011flant\u0131l\u0131, kompakt g\u00f6vde<\/p><p>\u00a0<\/p><p>\ud83d\udce6 KULLANIM ALANLARI:<\/p><p><br \/>Dozajlama sistemleri (gran\u00fcl, toz besleme)<\/p><p>Tart\u0131m ve dolum makineleri (hassas malzeme ak\u0131\u015f\u0131)<\/p><p>Silo ve bunker bo\u015faltma<\/p><p>Titre\u015fimli oluklar ve besleyiciler<\/p><p>Eleme makineleri<\/p><p>G\u0131da, kimya, ila\u00e7 ve plastik sekt\u00f6rleri<\/p><p>Kal\u0131p vibrasyonu (beton, al\u00e7\u0131 vb.)<\/p><p>Paketleme hatlar\u0131, robotik entegrasyonlar<\/p><p>\u00a0<\/p><p>\u2705 \u00d6NE \u00c7IKAN AVANTAJLAR:<\/p><p><br \/>Sessiz ve titre\u015fimi kontroll\u00fc \u00e7al\u0131\u015fma<\/p><p>Kompakt, bak\u0131ms\u0131z yap\u0131<\/p><p>Ayarlanabilir frekansla hassas ak\u0131\u015f kontrol\u00fc<\/p><p>End\u00fcstriyel otomasyon sistemlerine kolay entegrasyon<\/p><p>\u00a0<\/p><p>\u26a1 Kontrol ve Otomasyon Se\u00e7enekleri:<\/p><p><br \/>Analog ya da dijital h\u0131z kontrol cihaz\u0131 (Vibrasyon kontrol \u00fcnitesi) ile uyumlu<\/p><p>PLC ve end\u00fcstriyel otomasyon sistemleriyle tam entegrasyon<\/p><p>Modbus\/RS485 destekli s\u00fcr\u00fcc\u00fc ba\u011flant\u0131 opsiyonu<\/p><\/div><\/div>\t\t\t\t\t\t\t\t<\/div>\n\t\t\t\t<\/div>\n\t\t\t\t\t<\/div>\n\t\t\t\t<\/div>\n\t\t<div class=\"elementor-element elementor-element-95010e7 e-flex e-con-boxed e-con e-parent\" data-id=\"95010e7\" data-element_type=\"container\">\n\t\t\t\t\t<div class=\"e-con-inner\">\n\t\t\t\t<div class=\"elementor-element elementor-element-0dd0cee elementor-widget elementor-widget-image-gallery\" data-id=\"0dd0cee\" data-element_type=\"widget\" data-widget_type=\"image-gallery.default\">\n\t\t\t\t<div class=\"elementor-widget-container\">\n\t\t\t\t\t\t\t<div class=\"elementor-image-gallery\">\n\t\t\t<div id='gallery-1' class='gallery galleryid-16 gallery-columns-4 gallery-size-thumbnail'><figure class='gallery-item'>\n\t\t\t<div class='gallery-icon landscape'>\n\t\t\t\t<a data-elementor-open-lightbox=\"yes\" data-elementor-lightbox-slideshow=\"0dd0cee\" data-elementor-lightbox-title=\"WhatsApp Image 2025-04-26 at 11.13.14 (1)\" data-e-action-hash=\"#elementor-action%3Aaction%3Dlightbox%26settings%3DeyJpZCI6NDQxNDQsInVybCI6Imh0dHBzOlwvXC96YWZlcmVsZWt0cm9tZWthbmlrLmNvbS50clwvd3AtY29udGVudFwvdXBsb2Fkc1wvMjAyNVwvMDVcL1doYXRzQXBwLUltYWdlLTIwMjUtMDQtMjYtYXQtMTEuMTMuMTQtMS1zY2FsZWQuanBlZyIsInNsaWRlc2hvdyI6IjBkZDBjZWUifQ%3D%3D\" href='https:\/\/zaferelektromekanik.com.tr\/wp-content\/uploads\/2025\/05\/WhatsApp-Image-2025-04-26-at-11.13.14-1-scaled.jpeg'><img decoding=\"async\" width=\"150\" height=\"150\" src=\"https:\/\/zaferelektromekanik.com.tr\/wp-content\/uploads\/2025\/05\/WhatsApp-Image-2025-04-26-at-11.13.14-1-150x150.jpeg\" class=\"attachment-thumbnail size-thumbnail\" alt=\"\" srcset=\"https:\/\/zaferelektromekanik.com.tr\/wp-content\/uploads\/2025\/05\/WhatsApp-Image-2025-04-26-at-11.13.14-1-150x150.jpeg 150w, https:\/\/zaferelektromekanik.com.tr\/wp-content\/uploads\/2025\/05\/WhatsApp-Image-2025-04-26-at-11.13.14-1-450x450.jpeg 450w, https:\/\/zaferelektromekanik.com.tr\/wp-content\/uploads\/2025\/05\/WhatsApp-Image-2025-04-26-at-11.13.14-1-106x106.jpeg 106w, https:\/\/zaferelektromekanik.com.tr\/wp-content\/uploads\/2025\/05\/WhatsApp-Image-2025-04-26-at-11.13.14-1-560x560.jpeg 560w, https:\/\/zaferelektromekanik.com.tr\/wp-content\/uploads\/2025\/05\/WhatsApp-Image-2025-04-26-at-11.13.14-1-80x80.jpeg 80w\" sizes=\"(max-width: 150px) 100vw, 150px\" \/><\/a>\n\t\t\t<\/div><\/figure><figure class='gallery-item'>\n\t\t\t<div class='gallery-icon landscape'>\n\t\t\t\t<a data-elementor-open-lightbox=\"yes\" data-elementor-lightbox-slideshow=\"0dd0cee\" data-elementor-lightbox-title=\"WhatsApp Image 2025-04-26 at 11.13.14\" data-e-action-hash=\"#elementor-action%3Aaction%3Dlightbox%26settings%3DeyJpZCI6NDQxNDUsInVybCI6Imh0dHBzOlwvXC96YWZlcmVsZWt0cm9tZWthbmlrLmNvbS50clwvd3AtY29udGVudFwvdXBsb2Fkc1wvMjAyNVwvMDVcL1doYXRzQXBwLUltYWdlLTIwMjUtMDQtMjYtYXQtMTEuMTMuMTQtc2NhbGVkLmpwZWciLCJzbGlkZXNob3ciOiIwZGQwY2VlIn0%3D\" href='https:\/\/zaferelektromekanik.com.tr\/wp-content\/uploads\/2025\/05\/WhatsApp-Image-2025-04-26-at-11.13.14-scaled.jpeg'><img decoding=\"async\" width=\"150\" height=\"150\" src=\"https:\/\/zaferelektromekanik.com.tr\/wp-content\/uploads\/2025\/05\/WhatsApp-Image-2025-04-26-at-11.13.14-150x150.jpeg\" class=\"attachment-thumbnail size-thumbnail\" alt=\"\" srcset=\"https:\/\/zaferelektromekanik.com.tr\/wp-content\/uploads\/2025\/05\/WhatsApp-Image-2025-04-26-at-11.13.14-150x150.jpeg 150w, https:\/\/zaferelektromekanik.com.tr\/wp-content\/uploads\/2025\/05\/WhatsApp-Image-2025-04-26-at-11.13.14-450x450.jpeg 450w, https:\/\/zaferelektromekanik.com.tr\/wp-content\/uploads\/2025\/05\/WhatsApp-Image-2025-04-26-at-11.13.14-106x106.jpeg 106w, https:\/\/zaferelektromekanik.com.tr\/wp-content\/uploads\/2025\/05\/WhatsApp-Image-2025-04-26-at-11.13.14-560x560.jpeg 560w, https:\/\/zaferelektromekanik.com.tr\/wp-content\/uploads\/2025\/05\/WhatsApp-Image-2025-04-26-at-11.13.14-80x80.jpeg 80w\" sizes=\"(max-width: 150px) 100vw, 150px\" \/><\/a>\n\t\t\t<\/div><\/figure><figure class='gallery-item'>\n\t\t\t<div class='gallery-icon landscape'>\n\t\t\t\t<a data-elementor-open-lightbox=\"yes\" data-elementor-lightbox-slideshow=\"0dd0cee\" data-elementor-lightbox-title=\"WhatsApp Image 2025-04-26 at 11.13.13 (1)\" data-e-action-hash=\"#elementor-action%3Aaction%3Dlightbox%26settings%3DeyJpZCI6NDQxNDYsInVybCI6Imh0dHBzOlwvXC96YWZlcmVsZWt0cm9tZWthbmlrLmNvbS50clwvd3AtY29udGVudFwvdXBsb2Fkc1wvMjAyNVwvMDVcL1doYXRzQXBwLUltYWdlLTIwMjUtMDQtMjYtYXQtMTEuMTMuMTMtMS1zY2FsZWQuanBlZyIsInNsaWRlc2hvdyI6IjBkZDBjZWUifQ%3D%3D\" href='https:\/\/zaferelektromekanik.com.tr\/wp-content\/uploads\/2025\/05\/WhatsApp-Image-2025-04-26-at-11.13.13-1-scaled.jpeg'><img decoding=\"async\" width=\"150\" height=\"150\" src=\"https:\/\/zaferelektromekanik.com.tr\/wp-content\/uploads\/2025\/05\/WhatsApp-Image-2025-04-26-at-11.13.13-1-150x150.jpeg\" class=\"attachment-thumbnail size-thumbnail\" alt=\"\" srcset=\"https:\/\/zaferelektromekanik.com.tr\/wp-content\/uploads\/2025\/05\/WhatsApp-Image-2025-04-26-at-11.13.13-1-150x150.jpeg 150w, https:\/\/zaferelektromekanik.com.tr\/wp-content\/uploads\/2025\/05\/WhatsApp-Image-2025-04-26-at-11.13.13-1-450x450.jpeg 450w, https:\/\/zaferelektromekanik.com.tr\/wp-content\/uploads\/2025\/05\/WhatsApp-Image-2025-04-26-at-11.13.13-1-106x106.jpeg 106w, https:\/\/zaferelektromekanik.com.tr\/wp-content\/uploads\/2025\/05\/WhatsApp-Image-2025-04-26-at-11.13.13-1-560x560.jpeg 560w, https:\/\/zaferelektromekanik.com.tr\/wp-content\/uploads\/2025\/05\/WhatsApp-Image-2025-04-26-at-11.13.13-1-80x80.jpeg 80w\" sizes=\"(max-width: 150px) 100vw, 150px\" \/><\/a>\n\t\t\t<\/div><\/figure><figure class='gallery-item'>\n\t\t\t<div class='gallery-icon landscape'>\n\t\t\t\t<a data-elementor-open-lightbox=\"yes\" data-elementor-lightbox-slideshow=\"0dd0cee\" data-elementor-lightbox-title=\"WhatsApp Image 2025-04-26 at 11.13.13\" data-e-action-hash=\"#elementor-action%3Aaction%3Dlightbox%26settings%3DeyJpZCI6NDQxNDcsInVybCI6Imh0dHBzOlwvXC96YWZlcmVsZWt0cm9tZWthbmlrLmNvbS50clwvd3AtY29udGVudFwvdXBsb2Fkc1wvMjAyNVwvMDVcL1doYXRzQXBwLUltYWdlLTIwMjUtMDQtMjYtYXQtMTEuMTMuMTMtc2NhbGVkLmpwZWciLCJzbGlkZXNob3ciOiIwZGQwY2VlIn0%3D\" href='https:\/\/zaferelektromekanik.com.tr\/wp-content\/uploads\/2025\/05\/WhatsApp-Image-2025-04-26-at-11.13.13-scaled.jpeg'><img loading=\"lazy\" decoding=\"async\" width=\"150\" height=\"150\" src=\"https:\/\/zaferelektromekanik.com.tr\/wp-content\/uploads\/2025\/05\/WhatsApp-Image-2025-04-26-at-11.13.13-150x150.jpeg\" class=\"attachment-thumbnail size-thumbnail\" alt=\"\" srcset=\"https:\/\/zaferelektromekanik.com.tr\/wp-content\/uploads\/2025\/05\/WhatsApp-Image-2025-04-26-at-11.13.13-150x150.jpeg 150w, https:\/\/zaferelektromekanik.com.tr\/wp-content\/uploads\/2025\/05\/WhatsApp-Image-2025-04-26-at-11.13.13-450x450.jpeg 450w, https:\/\/zaferelektromekanik.com.tr\/wp-content\/uploads\/2025\/05\/WhatsApp-Image-2025-04-26-at-11.13.13-106x106.jpeg 106w, https:\/\/zaferelektromekanik.com.tr\/wp-content\/uploads\/2025\/05\/WhatsApp-Image-2025-04-26-at-11.13.13-560x560.jpeg 560w, https:\/\/zaferelektromekanik.com.tr\/wp-content\/uploads\/2025\/05\/WhatsApp-Image-2025-04-26-at-11.13.13-80x80.jpeg 80w\" sizes=\"(max-width: 150px) 100vw, 150px\" \/><\/a>\n\t\t\t<\/div><\/figure><figure class='gallery-item'>\n\t\t\t<div class='gallery-icon portrait'>\n\t\t\t\t<a data-elementor-open-lightbox=\"yes\" data-elementor-lightbox-slideshow=\"0dd0cee\" data-elementor-lightbox-title=\"WhatsApp Image 2025-04-18 at 23.14.48\" data-e-action-hash=\"#elementor-action%3Aaction%3Dlightbox%26settings%3DeyJpZCI6NDQxNDgsInVybCI6Imh0dHBzOlwvXC96YWZlcmVsZWt0cm9tZWthbmlrLmNvbS50clwvd3AtY29udGVudFwvdXBsb2Fkc1wvMjAyNVwvMDVcL1doYXRzQXBwLUltYWdlLTIwMjUtMDQtMTgtYXQtMjMuMTQuNDguanBlZyIsInNsaWRlc2hvdyI6IjBkZDBjZWUifQ%3D%3D\" href='https:\/\/zaferelektromekanik.com.tr\/wp-content\/uploads\/2025\/05\/WhatsApp-Image-2025-04-18-at-23.14.48.jpeg'><img loading=\"lazy\" decoding=\"async\" width=\"150\" height=\"150\" src=\"https:\/\/zaferelektromekanik.com.tr\/wp-content\/uploads\/2025\/05\/WhatsApp-Image-2025-04-18-at-23.14.48-150x150.jpeg\" class=\"attachment-thumbnail size-thumbnail\" alt=\"\" srcset=\"https:\/\/zaferelektromekanik.com.tr\/wp-content\/uploads\/2025\/05\/WhatsApp-Image-2025-04-18-at-23.14.48-150x150.jpeg 150w, https:\/\/zaferelektromekanik.com.tr\/wp-content\/uploads\/2025\/05\/WhatsApp-Image-2025-04-18-at-23.14.48-450x450.jpeg 450w, https:\/\/zaferelektromekanik.com.tr\/wp-content\/uploads\/2025\/05\/WhatsApp-Image-2025-04-18-at-23.14.48-106x106.jpeg 106w, https:\/\/zaferelektromekanik.com.tr\/wp-content\/uploads\/2025\/05\/WhatsApp-Image-2025-04-18-at-23.14.48-560x560.jpeg 560w, https:\/\/zaferelektromekanik.com.tr\/wp-content\/uploads\/2025\/05\/WhatsApp-Image-2025-04-18-at-23.14.48-80x80.jpeg 80w\" sizes=\"(max-width: 150px) 100vw, 150px\" \/><\/a>\n\t\t\t<\/div><\/figure><figure class='gallery-item'>\n\t\t\t<div class='gallery-icon portrait'>\n\t\t\t\t<a data-elementor-open-lightbox=\"yes\" data-elementor-lightbox-slideshow=\"0dd0cee\" data-elementor-lightbox-title=\"WhatsApp Image 2025-04-18 at 23.14.43\" data-e-action-hash=\"#elementor-action%3Aaction%3Dlightbox%26settings%3DeyJpZCI6NDQxNDksInVybCI6Imh0dHBzOlwvXC96YWZlcmVsZWt0cm9tZWthbmlrLmNvbS50clwvd3AtY29udGVudFwvdXBsb2Fkc1wvMjAyNVwvMDVcL1doYXRzQXBwLUltYWdlLTIwMjUtMDQtMTgtYXQtMjMuMTQuNDMuanBlZyIsInNsaWRlc2hvdyI6IjBkZDBjZWUifQ%3D%3D\" href='https:\/\/zaferelektromekanik.com.tr\/wp-content\/uploads\/2025\/05\/WhatsApp-Image-2025-04-18-at-23.14.43.jpeg'><img loading=\"lazy\" decoding=\"async\" width=\"150\" height=\"150\" src=\"https:\/\/zaferelektromekanik.com.tr\/wp-content\/uploads\/2025\/05\/WhatsApp-Image-2025-04-18-at-23.14.43-150x150.jpeg\" class=\"attachment-thumbnail size-thumbnail\" alt=\"\" srcset=\"https:\/\/zaferelektromekanik.com.tr\/wp-content\/uploads\/2025\/05\/WhatsApp-Image-2025-04-18-at-23.14.43-150x150.jpeg 150w, https:\/\/zaferelektromekanik.com.tr\/wp-content\/uploads\/2025\/05\/WhatsApp-Image-2025-04-18-at-23.14.43-450x450.jpeg 450w, https:\/\/zaferelektromekanik.com.tr\/wp-content\/uploads\/2025\/05\/WhatsApp-Image-2025-04-18-at-23.14.43-106x106.jpeg 106w, https:\/\/zaferelektromekanik.com.tr\/wp-content\/uploads\/2025\/05\/WhatsApp-Image-2025-04-18-at-23.14.43-560x560.jpeg 560w, https:\/\/zaferelektromekanik.com.tr\/wp-content\/uploads\/2025\/05\/WhatsApp-Image-2025-04-18-at-23.14.43-80x80.jpeg 80w\" sizes=\"(max-width: 150px) 100vw, 150px\" \/><\/a>\n\t\t\t<\/div><\/figure><figure class='gallery-item'>\n\t\t\t<div class='gallery-icon portrait'>\n\t\t\t\t<a data-elementor-open-lightbox=\"yes\" data-elementor-lightbox-slideshow=\"0dd0cee\" data-elementor-lightbox-title=\"WhatsApp Image 2025-04-18 at 23.14.35\" data-e-action-hash=\"#elementor-action%3Aaction%3Dlightbox%26settings%3DeyJpZCI6NDQxNTAsInVybCI6Imh0dHBzOlwvXC96YWZlcmVsZWt0cm9tZWthbmlrLmNvbS50clwvd3AtY29udGVudFwvdXBsb2Fkc1wvMjAyNVwvMDVcL1doYXRzQXBwLUltYWdlLTIwMjUtMDQtMTgtYXQtMjMuMTQuMzUuanBlZyIsInNsaWRlc2hvdyI6IjBkZDBjZWUifQ%3D%3D\" href='https:\/\/zaferelektromekanik.com.tr\/wp-content\/uploads\/2025\/05\/WhatsApp-Image-2025-04-18-at-23.14.35.jpeg'><img loading=\"lazy\" decoding=\"async\" width=\"150\" height=\"150\" src=\"https:\/\/zaferelektromekanik.com.tr\/wp-content\/uploads\/2025\/05\/WhatsApp-Image-2025-04-18-at-23.14.35-150x150.jpeg\" class=\"attachment-thumbnail size-thumbnail\" alt=\"\" srcset=\"https:\/\/zaferelektromekanik.com.tr\/wp-content\/uploads\/2025\/05\/WhatsApp-Image-2025-04-18-at-23.14.35-150x150.jpeg 150w, https:\/\/zaferelektromekanik.com.tr\/wp-content\/uploads\/2025\/05\/WhatsApp-Image-2025-04-18-at-23.14.35-450x450.jpeg 450w, https:\/\/zaferelektromekanik.com.tr\/wp-content\/uploads\/2025\/05\/WhatsApp-Image-2025-04-18-at-23.14.35-106x106.jpeg 106w, https:\/\/zaferelektromekanik.com.tr\/wp-content\/uploads\/2025\/05\/WhatsApp-Image-2025-04-18-at-23.14.35-560x560.jpeg 560w, https:\/\/zaferelektromekanik.com.tr\/wp-content\/uploads\/2025\/05\/WhatsApp-Image-2025-04-18-at-23.14.35-80x80.jpeg 80w\" sizes=\"(max-width: 150px) 100vw, 150px\" \/><\/a>\n\t\t\t<\/div><\/figure><figure class='gallery-item'>\n\t\t\t<div class='gallery-icon portrait'>\n\t\t\t\t<a data-elementor-open-lightbox=\"yes\" data-elementor-lightbox-slideshow=\"0dd0cee\" data-elementor-lightbox-title=\"WhatsApp Image 2025-04-18 at 23.14.29\" data-e-action-hash=\"#elementor-action%3Aaction%3Dlightbox%26settings%3DeyJpZCI6NDQxNTEsInVybCI6Imh0dHBzOlwvXC96YWZlcmVsZWt0cm9tZWthbmlrLmNvbS50clwvd3AtY29udGVudFwvdXBsb2Fkc1wvMjAyNVwvMDVcL1doYXRzQXBwLUltYWdlLTIwMjUtMDQtMTgtYXQtMjMuMTQuMjktMS5qcGVnIiwic2xpZGVzaG93IjoiMGRkMGNlZSJ9\" href='https:\/\/zaferelektromekanik.com.tr\/wp-content\/uploads\/2025\/05\/WhatsApp-Image-2025-04-18-at-23.14.29-1.jpeg'><img loading=\"lazy\" decoding=\"async\" width=\"150\" height=\"150\" src=\"https:\/\/zaferelektromekanik.com.tr\/wp-content\/uploads\/2025\/05\/WhatsApp-Image-2025-04-18-at-23.14.29-1-150x150.jpeg\" class=\"attachment-thumbnail size-thumbnail\" alt=\"\" srcset=\"https:\/\/zaferelektromekanik.com.tr\/wp-content\/uploads\/2025\/05\/WhatsApp-Image-2025-04-18-at-23.14.29-1-150x150.jpeg 150w, https:\/\/zaferelektromekanik.com.tr\/wp-content\/uploads\/2025\/05\/WhatsApp-Image-2025-04-18-at-23.14.29-1-450x450.jpeg 450w, https:\/\/zaferelektromekanik.com.tr\/wp-content\/uploads\/2025\/05\/WhatsApp-Image-2025-04-18-at-23.14.29-1-106x106.jpeg 106w, https:\/\/zaferelektromekanik.com.tr\/wp-content\/uploads\/2025\/05\/WhatsApp-Image-2025-04-18-at-23.14.29-1-560x560.jpeg 560w, https:\/\/zaferelektromekanik.com.tr\/wp-content\/uploads\/2025\/05\/WhatsApp-Image-2025-04-18-at-23.14.29-1-80x80.jpeg 80w\" sizes=\"(max-width: 150px) 100vw, 150px\" \/><\/a>\n\t\t\t<\/div><\/figure>\n\t\t<\/div>\n\t\t<\/div>\n\t\t\t\t\t\t<\/div>\n\t\t\t\t<\/div>\n\t\t\t\t\t<\/div>\n\t\t\t\t<\/div>\n\t\t<div class=\"elementor-element elementor-element-ee28bff e-flex e-con-boxed e-con e-parent\" data-id=\"ee28bff\" data-element_type=\"container\">\n\t\t\t\t\t<div class=\"e-con-inner\">\n\t\t\t\t<div class=\"elementor-element elementor-element-3260d9e elementor-widget elementor-widget-spacer\" data-id=\"3260d9e\" data-element_type=\"widget\" data-widget_type=\"spacer.default\">\n\t\t\t\t<div class=\"elementor-widget-container\">\n\t\t\t\t\t\t\t<div class=\"elementor-spacer\">\n\t\t\t<div class=\"elementor-spacer-inner\"><\/div>\n\t\t<\/div>\n\t\t\t\t\t\t<\/div>\n\t\t\t\t<\/div>\n\t\t\t\t\t<\/div>\n\t\t\t\t<\/div>\n\t\t\t\t<section class=\"elementor-section elementor-top-section elementor-element elementor-element-20219e7 elementor-section-boxed elementor-section-height-default elementor-section-height-default\" data-id=\"20219e7\" data-element_type=\"section\" data-settings=\"{&quot;background_background&quot;:&quot;classic&quot;}\">\n\t\t\t\t\t\t<div class=\"elementor-container elementor-column-gap-default\">\n\t\t\t\t\t<div class=\"elementor-column elementor-col-100 elementor-top-column elementor-element elementor-element-068bba1\" data-id=\"068bba1\" data-element_type=\"column\" data-settings=\"{&quot;background_background&quot;:&quot;classic&quot;}\">\n\t\t\t<div class=\"elementor-widget-wrap elementor-element-populated\">\n\t\t\t\t\t\t<section class=\"elementor-section elementor-inner-section elementor-element elementor-element-f81d49b elementor-section-boxed elementor-section-height-default elementor-section-height-default\" data-id=\"f81d49b\" data-element_type=\"section\">\n\t\t\t\t\t\t<div class=\"elementor-container elementor-column-gap-default\">\n\t\t\t\t\t<div class=\"elementor-column elementor-col-33 elementor-inner-column elementor-element elementor-element-7c1ef10\" data-id=\"7c1ef10\" data-element_type=\"column\">\n\t\t\t<div class=\"elementor-widget-wrap elementor-element-populated\">\n\t\t\t\t\t\t<div class=\"elementor-element elementor-element-bdae0e7 cleeny-contact-title elementor-widget elementor-widget-section-title\" data-id=\"bdae0e7\" data-element_type=\"widget\" data-widget_type=\"section-title.default\">\n\t\t\t\t<div class=\"elementor-widget-container\">\n\t\t\t\t\t\r\n\t\t\r\n\t\t\t<div class=\"section-title style1\">\r\n\t\t\t\t<div class=\"section-title\">\r\n\t\t\t\t\t\t\t\t\t\t\r\n\t\t\t\t\t \r\n\t\t\t\t\t\t<h3 class=\"title\">Bizimle \u0130leti\u015fime Ge\u00e7in<\/h3>\r\n\t\t\t\t\t\t\t\t\t\t\r\n\t\t\t\t\t<div class=\"highylight_text\">\r\n\t\t\t\t    \t\t\t\t\t\t\r\n\t\t\t\t\t   \r\n\t\t\t\t\t<\/div>\r\n\t\t\t\t\t\t\t\t\t<\/div>\r\n\t\t\t<\/div>\r\n\r\n\t\t\r\n\t\t\t\t\t\t<\/div>\n\t\t\t\t<\/div>\n\t\t\t\t\t<\/div>\n\t\t<\/div>\n\t\t\t\t<div class=\"elementor-column elementor-col-33 elementor-inner-column elementor-element elementor-element-4c0bf71\" data-id=\"4c0bf71\" data-element_type=\"column\">\n\t\t\t<div class=\"elementor-widget-wrap elementor-element-populated\">\n\t\t\t\t\t\t<div class=\"elementor-element elementor-element-4ee4097 elementor-widget__width-auto elementor-absolute elementor-widget-tablet__width-initial elementor-widget elementor-widget-image\" data-id=\"4ee4097\" data-element_type=\"widget\" data-settings=\"{&quot;_position&quot;:&quot;absolute&quot;}\" data-widget_type=\"image.default\">\n\t\t\t\t<div class=\"elementor-widget-container\">\n\t\t\t\t\t\t\t\t\t\t\t\t\t\t\t<img loading=\"lazy\" decoding=\"async\" width=\"420\" height=\"653\" src=\"https:\/\/zaferelektromekanik.com.tr\/wp-content\/uploads\/2025\/05\/NicePng_call-center-png_2953878.png\" class=\"attachment-large size-large wp-image-44103\" alt=\"\" srcset=\"https:\/\/zaferelektromekanik.com.tr\/wp-content\/uploads\/2025\/05\/NicePng_call-center-png_2953878.png 420w, https:\/\/zaferelektromekanik.com.tr\/wp-content\/uploads\/2025\/05\/NicePng_call-center-png_2953878-193x300.png 193w\" sizes=\"(max-width: 420px) 100vw, 420px\" \/>\t\t\t\t\t\t\t\t\t\t\t\t\t\t\t<\/div>\n\t\t\t\t<\/div>\n\t\t\t\t\t<\/div>\n\t\t<\/div>\n\t\t\t\t<div class=\"elementor-column elementor-col-33 elementor-inner-column elementor-element elementor-element-050cde0\" data-id=\"050cde0\" data-element_type=\"column\">\n\t\t\t<div class=\"elementor-widget-wrap elementor-element-populated\">\n\t\t\t\t\t\t<div class=\"elementor-element elementor-element-8a43618 elementor-widget elementor-widget-dit-button\" data-id=\"8a43618\" data-element_type=\"widget\" data-widget_type=\"dit-button.default\">\n\t\t\t\t<div class=\"elementor-widget-container\">\n\t\t\t\t\t\r\n\t\t\t\t\r\n\t\t\t\t<div class=\"dreamit-button style3\">\r\n\t\t\t\t\t<div class=\"dreamit-button\">\r\n\t\t\t\t\t\t\t<a class=\"button\" href=\"#\">\r\n            \t\t\t\t\t Telefon : (0452) 233 12 69            \t\t\t\t\t            \t\t\t\t<\/a>\r\n\t\t\t\t\t<\/div>\r\n\t\t\t\t<\/div>\r\n\t\t\t\r\n\t\t\t\t\t<\/div>\n\t\t\t\t<\/div>\n\t\t\t\t\t<\/div>\n\t\t<\/div>\n\t\t\t\t\t<\/div>\n\t\t<\/section>\n\t\t\t\t\t<\/div>\n\t\t<\/div>\n\t\t\t\t\t<\/div>\n\t\t<\/section>\n\t\t\t\t<\/div>","protected":false},"excerpt":{"rendered":"<p>\u00dcr\u00fcnlerimiz Elektro-Manyetik Ta\u015f\u0131y\u0131c\u0131 (Vibrasyon) \u00a0 Y\u00fcksek Kaliteli End\u00fcstriyel Elektomanyetik Vibrasyon Sistemleri \u00a0KULLANIM ALANLARI: Kuruyemi\u015f Makineleri \u015eeker Bisk\u00fcvi Makineleri Tohum Bakliyat Makineleri Ambalaj Makineleri Dozajlama ve Elemelerde TEKN\u0130K \u00d6ZEL\u0130KLER\u0130: Komple krom izole edilmi\u015f bobin Sfero d\u00f6k\u00fcm g\u00f6vde Komple paslanmaz \u00e7elik \u00fcst taban ve ba\u011flant\u0131 elemanlar\u0131 50 Hz \u2013 100 Hz \u00c7al\u0131\u015fma se\u00e7ene\u011fi (kart \u00fczerindeki jumper ile) [&hellip;]<\/p>","protected":false},"author":1,"featured_media":0,"parent":0,"menu_order":0,"comment_status":"closed","ping_status":"closed","template":"page-templates\/template-default.php","meta":{"footnotes":""},"class_list":["post-16","page","type-page","status-publish","hentry"],"_links":{"self":[{"href":"https:\/\/zaferelektromekanik.com.tr\/en\/wp-json\/wp\/v2\/pages\/16","targetHints":{"allow":["GET"]}}],"collection":[{"href":"https:\/\/zaferelektromekanik.com.tr\/en\/wp-json\/wp\/v2\/pages"}],"about":[{"href":"https:\/\/zaferelektromekanik.com.tr\/en\/wp-json\/wp\/v2\/types\/page"}],"author":[{"embeddable":true,"href":"https:\/\/zaferelektromekanik.com.tr\/en\/wp-json\/wp\/v2\/users\/1"}],"replies":[{"embeddable":true,"href":"https:\/\/zaferelektromekanik.com.tr\/en\/wp-json\/wp\/v2\/comments?post=16"}],"version-history":[{"count":13,"href":"https:\/\/zaferelektromekanik.com.tr\/en\/wp-json\/wp\/v2\/pages\/16\/revisions"}],"predecessor-version":[{"id":44188,"href":"https:\/\/zaferelektromekanik.com.tr\/en\/wp-json\/wp\/v2\/pages\/16\/revisions\/44188"}],"wp:attachment":[{"href":"https:\/\/zaferelektromekanik.com.tr\/en\/wp-json\/wp\/v2\/media?parent=16"}],"curies":[{"name":"wp","href":"https:\/\/api.w.org\/{rel}","templated":true}]}}